{"id":191531,"date":"2026-02-02T21:29:20","date_gmt":"2026-02-03T00:29:20","guid":{"rendered":"https:\/\/www.hoymercedes.com.ar\/principal\/?page_id=191531"},"modified":"2026-04-21T00:46:18","modified_gmt":"2026-04-21T03:46:18","slug":"staff","status":"publish","type":"page","link":"https:\/\/www.hoymercedes.com.ar\/principal\/staff\/","title":{"rendered":"Staff"},"content":{"rendered":"\n<p><strong><a href=\"http:\/\/www.hoymercedes.com.ar\">HoyMercedes<\/a><\/strong> es un portal de noticias comprometido con la informaci\u00f3n veraz y el servicio a la comunidad de Mercedes y la regi\u00f3n.<\/p>\n\n\n\n<p>Tenemos m\u00e1s de 20 a\u00f1os de trabajo ininterrumpido, siendo uno de los principales portales de noticias de la ciudad.<\/p>\n\n\n\n<p>Nuestras pol\u00edticas se basan en la verificaci\u00f3n de fuentes, el respeto por la privacidad y el compromiso de rectificar cualquier informaci\u00f3n err\u00f3nea de manera \u00e1gil.<\/p>\n\n\n\n<p>No publicamos contenido enga\u00f1oso, violento o que incite al odio. Denunciamos las fake news y las pol\u00edticas que da\u00f1an el buen uso de las relaciones humanas, el cuidado ambiental y v\u00ednculos institucionales.<\/p>\n\n\n\n<p><strong>Editor responsable<\/strong><\/p>\n\n\n\n<p>Lic. Ariel Musante<\/p>\n\n\n\n<p>Contacto: arielmusante@hotmail.com<\/p>\n\n\n\n<p>Contacto: amusante@hoymercedes.com.ar<\/p>\n\n\n\n<p>Lic. Clarisa Altieri<\/p>\n\n\n\n<p>Contacto: clea_146@yahoo.com<\/p>\n\n\n\n<p>Contacto: caltieri@hoymercedes.com<\/p>\n\n\n\n<p><strong>Fotograf\u00eda<\/strong><\/p>\n\n\n\n<p>Mario Hugo Moreira<br>Contacto: moreira.marioh@gmail.com<\/p>\n\n\n\n<p><strong>Autores y Colaboradores<\/strong><\/p>\n\n\n\n<p>Lucas Salvattore<br>Contacto: rmedios@gmail.com<\/p>\n\n\n\n<p>Lucas Mariani<br>lmariani@hoymercedes.com.ar<\/p>\n\n\n\n<p>Iliana Firpo<br>ifirpo@hoymercedes.com.ar<\/p>\n\n\n\n<p><strong>Webmaster<\/strong><\/p>\n\n\n\n<p>Hern\u00e1n Heck<br>info@hoymercedes.com.ar<\/p>\n\n\n\n<p><\/p>\n","protected":false},"excerpt":{"rendered":"<p>HoyMercedes es un portal de noticias comprometido con la informaci\u00f3n veraz y el servicio a la comunidad de Mercedes y &#8230; <a title=\"Staff\" class=\"read-more\" href=\"https:\/\/www.hoymercedes.com.ar\/principal\/staff\/\" aria-label=\"Leer m\u00e1s sobre Staff\">Leer m\u00e1s<\/a><\/p>\n","protected":false},"author":1,"featured_media":0,"parent":0,"menu_order":0,"comment_status":"closed","ping_status":"closed","template":"","meta":{"_monsterinsights_skip_tracking":false,"_monsterinsights_sitenote_active":false,"_monsterinsights_sitenote_note":"","_monsterinsights_sitenote_category":0,"footnotes":""},"class_list":["post-191531","page","type-page","status-publish"],"wps_subtitle":"","jetpack_sharing_enabled":true,"_links":{"self":[{"href":"https:\/\/www.hoymercedes.com.ar\/principal\/wp-json\/wp\/v2\/pages\/191531","targetHints":{"allow":["GET"]}}],"collection":[{"href":"https:\/\/www.hoymercedes.com.ar\/principal\/wp-json\/wp\/v2\/pages"}],"about":[{"href":"https:\/\/www.hoymercedes.com.ar\/principal\/wp-json\/wp\/v2\/types\/page"}],"author":[{"embeddable":true,"href":"https:\/\/www.hoymercedes.com.ar\/principal\/wp-json\/wp\/v2\/users\/1"}],"replies":[{"embeddable":true,"href":"https:\/\/www.hoymercedes.com.ar\/principal\/wp-json\/wp\/v2\/comments?post=191531"}],"version-history":[{"count":6,"href":"https:\/\/www.hoymercedes.com.ar\/principal\/wp-json\/wp\/v2\/pages\/191531\/revisions"}],"predecessor-version":[{"id":194903,"href":"https:\/\/www.hoymercedes.com.ar\/principal\/wp-json\/wp\/v2\/pages\/191531\/revisions\/194903"}],"wp:attachment":[{"href":"https:\/\/www.hoymercedes.com.ar\/principal\/wp-json\/wp\/v2\/media?parent=191531"}],"curies":[{"name":"wp","href":"https:\/\/api.w.org\/{rel}","templated":true}]}}